{"id":26,"date":"2025-02-03T07:38:05","date_gmt":"2025-02-03T07:38:05","guid":{"rendered":"https:\/\/pergaminosdelfirmamento.blog\/?page_id=26"},"modified":"2025-05-11T23:59:18","modified_gmt":"2025-05-11T23:59:18","slug":"inicio","status":"publish","type":"page","link":"https:\/\/pergaminosdelfirmamento.xyz\/","title":{"rendered":"Introducci\u00f3n"},"content":{"rendered":"\n<p>Cuando recorres las planicies verdes de Shvalar, entre las flores de tonos tornasol y el mar de c\u00e9sped que se mueve con el viento. Si levantas tu cabeza y miras al norte, ver\u00e1s el \u00e1rbol del cosmos, cuyas ramas sostienen el firmamento. Una vista que roba el aliento, y ha inspirado a escritores y cuenta cuentos por eones.<\/p>\n\n\n\n<p>Y es ah\u00ed, en el onceavo piso de la torre blanca, que encontraras la biblioteca del firmamento, visitada por arcanos y eruditos. Una recopilaci\u00f3n de historias, cuentos, novelas y leyendas que atan a los mundos en el infinito reino de los sue\u00f1os.<\/p>\n\n\n\n<p>Este portal recopilar\u00e1 textos varios, en la forma de los pergaminos del firmamento. Para atraer y tentar a almas sensibles a recorrer la biblioteca y sus secretos, a vivir historias \u00e9picas y so\u00f1ar bajo las ramas del \u00e1rbol del cosmos.<\/p>\n\n\n\n<p>\u201c\u00bfAlguna vez te he contado, lo bello que es el cosmos\u2026?\u201d<\/p>\n\n\n\n<p class=\"has-large-font-size\"><a href=\"https:\/\/pergaminosdelfirmamento.blog\/?cat=3\" data-type=\"link\" data-id=\"https:\/\/pergaminosdelfirmamento.blog\/?cat=3\"><strong><em><mark style=\"background-color:rgba(0, 0, 0, 0)\" class=\"has-inline-color has-vivid-cyan-blue-color\">Prosas<\/mark><\/em><\/strong><\/a><\/p>\n","protected":false},"excerpt":{"rendered":"<p>Cuando recorres las planicies verdes de Shvalar, entre las flores de tonos tornasol y el mar de c\u00e9sped que se mueve con el viento. Si levantas tu cabeza y miras al norte, ver\u00e1s el \u00e1rbol del cosmos, cuyas ramas sostienen el firmamento. Una vista que roba el aliento, y ha inspirado a escritores y cuenta&#8230;<\/p>\n","protected":false},"author":1,"featured_media":0,"parent":0,"menu_order":0,"comment_status":"closed","ping_status":"closed","template":"","meta":{"footnotes":""},"class_list":["post-26","page","type-page","status-publish","format-standard","hentry","post-wrap"],"_links":{"self":[{"href":"https:\/\/pergaminosdelfirmamento.xyz\/index.php?rest_route=\/wp\/v2\/pages\/26","targetHints":{"allow":["GET"]}}],"collection":[{"href":"https:\/\/pergaminosdelfirmamento.xyz\/index.php?rest_route=\/wp\/v2\/pages"}],"about":[{"href":"https:\/\/pergaminosdelfirmamento.xyz\/index.php?rest_route=\/wp\/v2\/types\/page"}],"author":[{"embeddable":true,"href":"https:\/\/pergaminosdelfirmamento.xyz\/index.php?rest_route=\/wp\/v2\/users\/1"}],"replies":[{"embeddable":true,"href":"https:\/\/pergaminosdelfirmamento.xyz\/index.php?rest_route=%2Fwp%2Fv2%2Fcomments&post=26"}],"version-history":[{"count":6,"href":"https:\/\/pergaminosdelfirmamento.xyz\/index.php?rest_route=\/wp\/v2\/pages\/26\/revisions"}],"predecessor-version":[{"id":91,"href":"https:\/\/pergaminosdelfirmamento.xyz\/index.php?rest_route=\/wp\/v2\/pages\/26\/revisions\/91"}],"wp:attachment":[{"href":"https:\/\/pergaminosdelfirmamento.xyz\/index.php?rest_route=%2Fwp%2Fv2%2Fmedia&parent=26"}],"curies":[{"name":"wp","href":"https:\/\/api.w.org\/{rel}","templated":true}]}}